{"id":31469,"date":"2022-12-20T18:20:09","date_gmt":"2022-12-20T17:20:09","guid":{"rendered":"https:\/\/www.ai-tiger-magazine.com\/impressum\/"},"modified":"2023-04-23T16:26:43","modified_gmt":"2023-04-23T14:26:43","slug":"impressum","status":"publish","type":"page","link":"https:\/\/www.ai-tiger-magazine.com\/de\/impressum\/","title":{"rendered":"Impressum"},"content":{"rendered":"<div class=\"fusion-fullwidth fullwidth-box fusion-builder-row-1 fusion-flex-container has-pattern-background has-mask-background nonhundred-percent-fullwidth non-hundred-percent-height-scrolling\" style=\"--awb-border-radius-top-left:0px;--awb-border-radius-top-right:0px;--awb-border-radius-bottom-right:0px;--awb-border-radius-bottom-left:0px;--awb-flex-wrap:wrap;\" ><div class=\"fusion-builder-row fusion-row fusion-flex-align-items-flex-start fusion-flex-justify-content-center fusion-flex-content-wrap\" style=\"max-width:1040px;margin-left: calc(-4% \/ 2 );margin-right: calc(-4% \/ 2 );\"><div class=\"fusion-layout-column fusion_builder_column fusion-builder-column-0 fusion_builder_column_2_3 2_3 fusion-flex-column\" style=\"--awb-padding-top:20px;--awb-bg-size:cover;--awb-width-large:66.666666666667%;--awb-margin-top-large:0px;--awb-spacing-right-large:2.88%;--awb-margin-bottom-large:20px;--awb-spacing-left-large:2.88%;--awb-width-medium:66.666666666667%;--awb-order-medium:0;--awb-spacing-right-medium:2.88%;--awb-spacing-left-medium:2.88%;--awb-width-small:100%;--awb-order-small:0;--awb-spacing-right-small:1.92%;--awb-spacing-left-small:1.92%;\"><div class=\"fusion-column-wrapper fusion-column-has-shadow fusion-flex-justify-content-flex-start fusion-content-layout-column\"><div class=\"fusion-title title fusion-title-1 fusion-sep-none fusion-title-text fusion-title-size-two\" style=\"--awb-margin-top-small:10px;--awb-margin-right-small:0px;--awb-margin-bottom-small:10px;--awb-margin-left-small:0px;\"><h2 class=\"fusion-title-heading title-heading-left\" style=\"margin:0;\">Impressum<\/h2><\/div><div class=\"fusion-text fusion-text-1\"><p><em><span style=\"color: var(--awb-color8);\">&#8222;Bitte entwerfen Sie ein Impressum f\u00fcr eine Website&#8220;.<\/span><\/em><br \/>\nChatGPT: Mit Vergn\u00fcgen! Hier ist ein Beispiel f\u00fcr ein Impressum f\u00fcr eine Website:<\/p>\n<p><b>Betreiber der Website <span style=\"color: var(--awb-color4);\">ai-tiger-magazine.com<\/span>:<\/b><br \/>\nKristian Laban<br \/>\nAdams-Lehmann-Str. 54<br \/>\n80797 M\u00fcnchen<\/p>\n<p><b>Kontakt:<\/b><br \/>\nTelefon: 0160 9733 8995<br \/>\nE-Mail: <a href=\"mailto:kristian@laban.de\">kristian@laban.de<\/a><\/p>\n<p><b>Verantwortlich f\u00fcr den Inhalt:<\/b><br \/>\nKristian Laban<\/p>\n<p><strong>Hinweis zum Haftungsausschluss:<\/strong><br \/>\nDie Inhalte dieser Website werden mit gr\u00f6\u00dftm\u00f6glicher Sorgfalt erstellt. Der Betreiber \u00fcbernimmt jedoch keine Gew\u00e4hr f\u00fcr die Richtigkeit, Vollst\u00e4ndigkeit und Aktualit\u00e4t der bereitgestellten Inhalte. Die Nutzung der Inhalte der Website erfolgt auf eigene Gefahr des Nutzers. Haftungsanspr\u00fcche gegen den Betreiber, welche sich auf Sch\u00e4den materieller oder ideeller Art beziehen, die durch die Nutzung oder Nichtnutzung der dargebotenen Informationen bzw. durch die Nutzung fehlerhafter und unvollst\u00e4ndiger Informationen verursacht wurden, sind grunds\u00e4tzlich ausgeschlossen, sofern seitens des Betreibers kein nachweislich vors\u00e4tzliches oder grob fahrl\u00e4ssiges Verschulden vorliegt.<\/p>\n<p><strong>Hinweis zu externen Links:<\/strong><br \/>\nDie Website enth\u00e4lt Links zu externen Webseiten Dritter, auf deren Inhalte der Betreiber keinen Einfluss hat. Deshalb kann der Betreiber f\u00fcr diese fremden Inhalte auch keine Gew\u00e4hr \u00fcbernehmen. F\u00fcr die Inhalte der verlinkten Seiten ist stets der jeweilige Anbieter oder Betreiber der Seiten verantwortlich. Die verlinkten Seiten wurden zum Zeitpunkt der Verlinkung auf m\u00f6gliche Rechtsverst\u00f6\u00dfe \u00fcberpr\u00fcft. Rechtswidrige Inhalte waren zum Zeitpunkt der Verlinkung nicht erkennbar. Eine permanente inhaltliche Kontrolle der verlinkten Seiten ist jedoch ohne konkrete Anhaltspunkte einer Rechtsverletzung nicht zumutbar. Bei Bekanntwerden von Rechtsverletzungen werden wir derartige Links umgehend entfernen.<\/p>\n<p><strong>Hinweis zum Urheberrecht:<\/strong><br \/>\nDie durch die Seitenbetreiber erstellten Inhalte und Werke auf diesen Seiten unterliegen dem deutschen Urheberrecht. Die Vervielf\u00e4ltigung, Bearbeitung, Verbreitung und jede Art der Verwertung au\u00dferhalb der Grenzen des Urheberrechts.<\/p>\n<p><em><span style=\"color: var(--awb-color8);\">&#8222;Danke.&#8220;<\/span><\/em><\/p>\n<p>ChatGPT: &#8222;Gern geschehen! Ich hoffe, dass Ihnen das Impressum weiterhilft. Es ist wichtig, dass jede Website ein Impressum hat, um die Rechte und Pflichten des Betreibers und der Nutzer zu kl\u00e4ren. Vergessen Sie nicht, dass das Impressum auf jeder Seite der Website leicht zug\u00e4nglich sein sollte, damit die Nutzer es jederzeit finden k\u00f6nnen. Wenn Sie noch Fragen haben oder ein spezielles Impressum w\u00fcnschen, z\u00f6gern Sie nicht, mich erneut zu kontaktieren.&#8220;<\/p>\n<\/div><\/div><\/div><\/div><\/div>\n","protected":false},"excerpt":{"rendered":"","protected":false},"author":1,"featured_media":0,"parent":0,"menu_order":0,"comment_status":"closed","ping_status":"closed","template":"","meta":{"_acf_changed":false,"footnotes":""},"class_list":["post-31469","page","type-page","status-publish","hentry"],"acf":[],"yoast_head":"<!-- This site is optimized with the Yoast SEO plugin v27.3 - https:\/\/yoast.com\/product\/yoast-seo-wordpress\/ -->\n<title>Impressum - AI Tiger Magazine<\/title>\n<meta name=\"robots\" content=\"index, follow, max-snippet:-1, max-image-preview:large, max-video-preview:-1\" \/>\n<link rel=\"canonical\" href=\"https:\/\/www.ai-tiger-magazine.com\/de\/impressum\/\" \/>\n<meta property=\"og:locale\" content=\"de_DE\" \/>\n<meta property=\"og:type\" content=\"article\" \/>\n<meta property=\"og:title\" content=\"Impressum - AI Tiger Magazine\" \/>\n<meta property=\"og:url\" content=\"https:\/\/www.ai-tiger-magazine.com\/de\/impressum\/\" \/>\n<meta property=\"og:site_name\" content=\"AI Tiger Magazine\" \/>\n<meta property=\"article:modified_time\" content=\"2023-04-23T14:26:43+00:00\" \/>\n<meta name=\"twitter:card\" content=\"summary_large_image\" \/>\n<meta name=\"twitter:label1\" content=\"Gesch\u00e4tzte Lesezeit\" \/>\n\t<meta name=\"twitter:data1\" content=\"5\u00a0Minuten\" \/>\n<script type=\"application\/ld+json\" class=\"yoast-schema-graph\">{\"@context\":\"https:\\\/\\\/schema.org\",\"@graph\":[{\"@type\":\"WebPage\",\"@id\":\"https:\\\/\\\/www.ai-tiger-magazine.com\\\/de\\\/impressum\\\/\",\"url\":\"https:\\\/\\\/www.ai-tiger-magazine.com\\\/de\\\/impressum\\\/\",\"name\":\"Impressum - AI Tiger Magazine\",\"isPartOf\":{\"@id\":\"https:\\\/\\\/www.ai-tiger-magazine.com\\\/de\\\/#website\"},\"datePublished\":\"2022-12-20T17:20:09+00:00\",\"dateModified\":\"2023-04-23T14:26:43+00:00\",\"breadcrumb\":{\"@id\":\"https:\\\/\\\/www.ai-tiger-magazine.com\\\/de\\\/impressum\\\/#breadcrumb\"},\"inLanguage\":\"de\",\"potentialAction\":[{\"@type\":\"ReadAction\",\"target\":[\"https:\\\/\\\/www.ai-tiger-magazine.com\\\/de\\\/impressum\\\/\"]}]},{\"@type\":\"BreadcrumbList\",\"@id\":\"https:\\\/\\\/www.ai-tiger-magazine.com\\\/de\\\/impressum\\\/#breadcrumb\",\"itemListElement\":[{\"@type\":\"ListItem\",\"position\":1,\"name\":\"Home\",\"item\":\"https:\\\/\\\/www.ai-tiger-magazine.com\\\/de\\\/start\\\/\"},{\"@type\":\"ListItem\",\"position\":2,\"name\":\"Impressum\"}]},{\"@type\":\"WebSite\",\"@id\":\"https:\\\/\\\/www.ai-tiger-magazine.com\\\/de\\\/#website\",\"url\":\"https:\\\/\\\/www.ai-tiger-magazine.com\\\/de\\\/\",\"name\":\"AI Tiger Magazine\",\"description\":\"Co-Creating Media with ChatGPT-4 and DALL-E 2.0\",\"publisher\":{\"@id\":\"https:\\\/\\\/www.ai-tiger-magazine.com\\\/de\\\/#\\\/schema\\\/person\\\/82edc601daf1a8da5fa1df7c42265e83\"},\"potentialAction\":[{\"@type\":\"SearchAction\",\"target\":{\"@type\":\"EntryPoint\",\"urlTemplate\":\"https:\\\/\\\/www.ai-tiger-magazine.com\\\/de\\\/?s={search_term_string}\"},\"query-input\":{\"@type\":\"PropertyValueSpecification\",\"valueRequired\":true,\"valueName\":\"search_term_string\"}}],\"inLanguage\":\"de\"},{\"@type\":[\"Person\",\"Organization\"],\"@id\":\"https:\\\/\\\/www.ai-tiger-magazine.com\\\/de\\\/#\\\/schema\\\/person\\\/82edc601daf1a8da5fa1df7c42265e83\",\"name\":\"Kristian\",\"image\":{\"@type\":\"ImageObject\",\"inLanguage\":\"de\",\"@id\":\"https:\\\/\\\/www.ai-tiger-magazine.com\\\/wp-content\\\/uploads\\\/ai-tiger_2023_portrait-of-a-middle-aged-man_900_900_web_11.jpg\",\"url\":\"https:\\\/\\\/www.ai-tiger-magazine.com\\\/wp-content\\\/uploads\\\/ai-tiger_2023_portrait-of-a-middle-aged-man_900_900_web_11.jpg\",\"contentUrl\":\"https:\\\/\\\/www.ai-tiger-magazine.com\\\/wp-content\\\/uploads\\\/ai-tiger_2023_portrait-of-a-middle-aged-man_900_900_web_11.jpg\",\"width\":900,\"height\":900,\"caption\":\"Kristian\"},\"logo\":{\"@id\":\"https:\\\/\\\/www.ai-tiger-magazine.com\\\/wp-content\\\/uploads\\\/ai-tiger_2023_portrait-of-a-middle-aged-man_900_900_web_11.jpg\"},\"sameAs\":[\"https:\\\/\\\/www.ai-tiger-magazine.com\",\"https:\\\/\\\/www.instagram.com\\\/ai_tiger_mag\\\/\"]}]}<\/script>\n<!-- \/ Yoast SEO plugin. -->","yoast_head_json":{"title":"Impressum - AI Tiger Magazine","robots":{"index":"index","follow":"follow","max-snippet":"max-snippet:-1","max-image-preview":"max-image-preview:large","max-video-preview":"max-video-preview:-1"},"canonical":"https:\/\/www.ai-tiger-magazine.com\/de\/impressum\/","og_locale":"de_DE","og_type":"article","og_title":"Impressum - AI Tiger Magazine","og_url":"https:\/\/www.ai-tiger-magazine.com\/de\/impressum\/","og_site_name":"AI Tiger Magazine","article_modified_time":"2023-04-23T14:26:43+00:00","twitter_card":"summary_large_image","twitter_misc":{"Gesch\u00e4tzte Lesezeit":"5\u00a0Minuten"},"schema":{"@context":"https:\/\/schema.org","@graph":[{"@type":"WebPage","@id":"https:\/\/www.ai-tiger-magazine.com\/de\/impressum\/","url":"https:\/\/www.ai-tiger-magazine.com\/de\/impressum\/","name":"Impressum - AI Tiger Magazine","isPartOf":{"@id":"https:\/\/www.ai-tiger-magazine.com\/de\/#website"},"datePublished":"2022-12-20T17:20:09+00:00","dateModified":"2023-04-23T14:26:43+00:00","breadcrumb":{"@id":"https:\/\/www.ai-tiger-magazine.com\/de\/impressum\/#breadcrumb"},"inLanguage":"de","potentialAction":[{"@type":"ReadAction","target":["https:\/\/www.ai-tiger-magazine.com\/de\/impressum\/"]}]},{"@type":"BreadcrumbList","@id":"https:\/\/www.ai-tiger-magazine.com\/de\/impressum\/#breadcrumb","itemListElement":[{"@type":"ListItem","position":1,"name":"Home","item":"https:\/\/www.ai-tiger-magazine.com\/de\/start\/"},{"@type":"ListItem","position":2,"name":"Impressum"}]},{"@type":"WebSite","@id":"https:\/\/www.ai-tiger-magazine.com\/de\/#website","url":"https:\/\/www.ai-tiger-magazine.com\/de\/","name":"AI Tiger Magazine","description":"Co-Creating Media with ChatGPT-4 and DALL-E 2.0","publisher":{"@id":"https:\/\/www.ai-tiger-magazine.com\/de\/#\/schema\/person\/82edc601daf1a8da5fa1df7c42265e83"},"potentialAction":[{"@type":"SearchAction","target":{"@type":"EntryPoint","urlTemplate":"https:\/\/www.ai-tiger-magazine.com\/de\/?s={search_term_string}"},"query-input":{"@type":"PropertyValueSpecification","valueRequired":true,"valueName":"search_term_string"}}],"inLanguage":"de"},{"@type":["Person","Organization"],"@id":"https:\/\/www.ai-tiger-magazine.com\/de\/#\/schema\/person\/82edc601daf1a8da5fa1df7c42265e83","name":"Kristian","image":{"@type":"ImageObject","inLanguage":"de","@id":"https:\/\/www.ai-tiger-magazine.com\/wp-content\/uploads\/ai-tiger_2023_portrait-of-a-middle-aged-man_900_900_web_11.jpg","url":"https:\/\/www.ai-tiger-magazine.com\/wp-content\/uploads\/ai-tiger_2023_portrait-of-a-middle-aged-man_900_900_web_11.jpg","contentUrl":"https:\/\/www.ai-tiger-magazine.com\/wp-content\/uploads\/ai-tiger_2023_portrait-of-a-middle-aged-man_900_900_web_11.jpg","width":900,"height":900,"caption":"Kristian"},"logo":{"@id":"https:\/\/www.ai-tiger-magazine.com\/wp-content\/uploads\/ai-tiger_2023_portrait-of-a-middle-aged-man_900_900_web_11.jpg"},"sameAs":["https:\/\/www.ai-tiger-magazine.com","https:\/\/www.instagram.com\/ai_tiger_mag\/"]}]}},"_links":{"self":[{"href":"https:\/\/www.ai-tiger-magazine.com\/de\/wp-json\/wp\/v2\/pages\/31469","targetHints":{"allow":["GET"]}}],"collection":[{"href":"https:\/\/www.ai-tiger-magazine.com\/de\/wp-json\/wp\/v2\/pages"}],"about":[{"href":"https:\/\/www.ai-tiger-magazine.com\/de\/wp-json\/wp\/v2\/types\/page"}],"author":[{"embeddable":true,"href":"https:\/\/www.ai-tiger-magazine.com\/de\/wp-json\/wp\/v2\/users\/1"}],"replies":[{"embeddable":true,"href":"https:\/\/www.ai-tiger-magazine.com\/de\/wp-json\/wp\/v2\/comments?post=31469"}],"version-history":[{"count":6,"href":"https:\/\/www.ai-tiger-magazine.com\/de\/wp-json\/wp\/v2\/pages\/31469\/revisions"}],"predecessor-version":[{"id":34925,"href":"https:\/\/www.ai-tiger-magazine.com\/de\/wp-json\/wp\/v2\/pages\/31469\/revisions\/34925"}],"wp:attachment":[{"href":"https:\/\/www.ai-tiger-magazine.com\/de\/wp-json\/wp\/v2\/media?parent=31469"}],"curies":[{"name":"wp","href":"https:\/\/api.w.org\/{rel}","templated":true}]}}